{"id":10084,"date":"2026-02-06T21:41:54","date_gmt":"2026-02-06T21:41:54","guid":{"rendered":"https:\/\/homebarbut.com\/?page_id=10084"},"modified":"2026-04-23T23:45:49","modified_gmt":"2026-04-23T23:45:49","slug":"menu-san-valentin","status":"publish","type":"page","link":"https:\/\/homebarbut.com\/?page_id=10084","title":{"rendered":"Menu especial"},"content":{"rendered":"\t\t<div data-elementor-type=\"wp-page\" data-elementor-id=\"10084\" class=\"elementor elementor-10084\">\n\t\t\t\t<div class=\"elementor-element elementor-element-0083eea e-flex e-con-boxed pxl-row-scroll-none pxl-column-none pxl-full-content-with-space-none pxl-container-line-none pxl-container-video-background-none pxl-none overflow-visible e-con e-parent \" data-id=\"0083eea\" data-element_type=\"container\" data-e-type=\"container\">\t\t\t<div class=\"e-con-inner\">\r\n\t\t\t\t<div class=\"elementor-element elementor-element-b53611a pxl-none overflow-visible elementor-widget elementor-widget-pxl_heading\" data-id=\"b53611a\" data-element_type=\"widget\" data-e-type=\"widget\" data-widget_type=\"pxl_heading.default\">\n\t\t\t\t<div class=\"elementor-widget-container\">\n\t\t\t\t\t\n<div id=\"pxl-pxl_heading-b53611a-8100\" class=\"pxl-heading   px-sub-title-default-style \">\n\t<div class=\"pxl-heading--inner\">\n\t\t\n\t\t<h3 class=\"pxl-item--title style-default color highlight-default \" data-wow-delay=\"ms\">\n\t\t\t\t\tMen\u00fa especial\t\n\t\t\t\n\t\t<\/h3>\n\t\t\n\t<\/div>\n<\/div>\t\t\t\t<\/div>\n\t\t\t\t<\/div>\n\t\t\t\t<div class=\"elementor-element elementor-element-5c4e261 pxl-none overflow-visible elementor-widget elementor-widget-n-accordion\" data-id=\"5c4e261\" data-element_type=\"widget\" data-e-type=\"widget\" data-settings=\"{&quot;default_state&quot;:&quot;expanded&quot;,&quot;max_items_expended&quot;:&quot;one&quot;,&quot;n_accordion_animation_duration&quot;:{&quot;unit&quot;:&quot;ms&quot;,&quot;size&quot;:400,&quot;sizes&quot;:[]}}\" data-widget_type=\"nested-accordion.default\">\n\t\t\t\t\t\t\t<div class=\"e-n-accordion\" aria-label=\"Accordion. Open links with Enter or Space, close with Escape, and navigate with Arrow Keys\">\n\t\t\t\t\t\t<details id=\"e-n-accordion-item-9670\" class=\"e-n-accordion-item\" open>\n\t\t\t\t<summary class=\"e-n-accordion-item-title\" data-accordion-index=\"1\" tabindex=\"0\" aria-expanded=\"true\" aria-controls=\"e-n-accordion-item-9670\" >\n\t\t\t\t\t<span class='e-n-accordion-item-title-header'><div class=\"e-n-accordion-item-title-text\"> Entrantes <\/div><\/span>\n\t\t\t\t\t\t\t<span class='e-n-accordion-item-title-icon'>\n\t\t\t<span class='e-opened' ><i aria-hidden=\"true\" class=\"fas fa-minus\"><\/i><\/span>\n\t\t\t<span class='e-closed'><i aria-hidden=\"true\" class=\"fas fa-plus\"><\/i><\/span>\n\t\t<\/span>\n\n\t\t\t\t\t\t<\/summary>\n\t\t\t\t<div role=\"region\" aria-labelledby=\"e-n-accordion-item-9670\" class=\"elementor-element elementor-element-a383689 e-con-full e-flex pxl-row-scroll-none pxl-column-none pxl-full-content-with-space-none pxl-container-line-none pxl-container-video-background-none pxl-none overflow-visible e-con e-child \" data-id=\"a383689\" data-element_type=\"container\" data-e-type=\"container\">\t\t<div class=\"elementor-element elementor-element-0b3599b pxl-none overflow-visible elementor-widget elementor-widget-html\" data-id=\"0b3599b\" data-element_type=\"widget\" data-e-type=\"widget\" data-widget_type=\"html.default\">\n\t\t\t\t\t  <p><em> <\/em><\/p>\n\n  <article class=\"plato\">\n    <h4>APERITIVOS<\/h4>\n    <p>Pan, tomate y alioli casero.<\/p>\n    <p><strong>Al\u00e9rgenos:<\/strong> 1.3.<\/p>\n  <\/article>\n\n  <article class=\"plato\">\n    <h4>ENSALADA DE BURRATA <\/h4>\n    <p>sofrito casero , tomate cherry,tomate seco,\n pesto de rucula y brotes tiernos<\/p>\n    <p><strong>Al\u00e9rgenos:<\/strong>7.<\/p>\n  <\/article>\n\n  <article class=\"plato\">\n    <h4>PULPO ANTICUCHERO<\/h4>\n    <p>pulpo lacado en salsa anticuchera ,\nchips de yuca ,cremoso de huancaina y cilantro<\/p>\n    <p><strong>Al\u00e9rgenos:<\/strong>1.2.4.5.6.8.11<\/p>\n  <\/article>\n\n  <article class=\"plato\">\n    <h4>GYOZA DE PUCHERO<\/h4>\n    <p>gyoza casera de puchero en su propio caldo<\/p>\n    <p><strong>Al\u00e9rgenos:<\/strong> 1.<\/p>\n    <\/p>\n    <p><strong>1 gluten. 2 crustaceos. 3 huevos. 4 pescados. 5 frutos secos. 6 soja. 7 lacteos  8cacahuetes. 9 apio. 10 sulfitos. 11 moluscos. 12 sesamo. 13 altramuces. 14 mostaza.. *POSIBILIDAD SIN GLUTEN\n  <\/article>\t\t\t\t<\/div>\n\t\t\t\t<\/div>\r\n\t\t\t\t\t<\/details>\n\t\t\t\t\t\t<details id=\"e-n-accordion-item-9671\" class=\"e-n-accordion-item\" >\n\t\t\t\t<summary class=\"e-n-accordion-item-title\" data-accordion-index=\"2\" tabindex=\"-1\" aria-expanded=\"false\" aria-controls=\"e-n-accordion-item-9671\" >\n\t\t\t\t\t<span class='e-n-accordion-item-title-header'><div class=\"e-n-accordion-item-title-text\"> Principal a elegir <\/div><\/span>\n\t\t\t\t\t\t\t<span class='e-n-accordion-item-title-icon'>\n\t\t\t<span class='e-opened' ><i aria-hidden=\"true\" class=\"fas fa-minus\"><\/i><\/span>\n\t\t\t<span class='e-closed'><i aria-hidden=\"true\" class=\"fas fa-plus\"><\/i><\/span>\n\t\t<\/span>\n\n\t\t\t\t\t\t<\/summary>\n\t\t\t\t<div role=\"region\" aria-labelledby=\"e-n-accordion-item-9671\" class=\"elementor-element elementor-element-7768ff4 e-con-full e-flex pxl-row-scroll-none pxl-column-none pxl-full-content-with-space-none pxl-container-line-none pxl-container-video-background-none pxl-none overflow-visible e-con e-child \" data-id=\"7768ff4\" data-element_type=\"container\" data-e-type=\"container\">\t\t<div class=\"elementor-element elementor-element-8c04bc5 elementor-alert-warning pxl-none overflow-visible elementor-widget elementor-widget-alert\" data-id=\"8c04bc5\" data-element_type=\"widget\" data-e-type=\"widget\" data-widget_type=\"alert.default\">\n\t\t\t\t\t\t\t<div class=\"elementor-alert\" role=\"alert\">\n\n\t\t\t\t\t\t<span class=\"elementor-alert-title\">A tener en cuenta<\/span>\n\t\t\t\n\t\t\t\t\t\t<span class=\"elementor-alert-description\">Arroz m\u00ednimo 2 personas, bajo reserva. Consultar tiempo de espera.<\/span>\n\t\t\t\n\t\t\t\t\t\t<button type=\"button\" class=\"elementor-alert-dismiss\" aria-label=\"Descartar esta alerta.\">\n\t\t\t\t\t\t\t\t\t<span aria-hidden=\"true\">&times;<\/span>\n\t\t\t\t\t\t\t<\/button>\n\t\t\t\n\t\t<\/div>\n\t\t\t\t\t\t<\/div>\n\t\t\t\t<div class=\"elementor-element elementor-element-f8d4087 pxl-none overflow-visible elementor-widget elementor-widget-html\" data-id=\"f8d4087\" data-element_type=\"widget\" data-e-type=\"widget\" data-widget_type=\"html.default\">\n\t\t\t\t\t\n\n  <article class=\"plato\">\n    <h4> SALMON <\/h4>\n    <p>cremoso de mango,arroz negro salvaje y pak choi<\/p>\n    <p><strong>Al\u00e9rgenos:<\/strong> 4.7.12.<\/p>\n  <\/article>\n\n  <article class=\"plato\">\n    <h4>BACALAO <\/h4>\n    <p>bacalao confitado , ajo blanco thai ,\nhinojo y naranja<\/p>\n    <p><strong>Al\u00e9rgenos:<\/strong> 4.5.7.<\/p>\n  <\/article>\n\n  <article class=\"plato\">\n    <h4>COSTILLA ESTILO ALEMAN <\/h4>\n    <p>costilla cocinada a baja temperatura con\ncerveza negra y mostaza<\/p>\n    <p><strong>Al\u00e9rgenos:<\/strong> 1.6.10.14<\/p>\n  <\/article>\n  <article class=\"plato\">\n    <h4>ENTRECOT <\/h4>\n    <p>patatas y verduras .<\/p>\n    <p><strong>suplemento:<\/strong> 5\u20ac <article class=\"plato\">\n   \n\n <article class=\"plato\">\n    <h4>NUEVA CARRILLERA MELOSA<\/h4>\n    <p>nueva version de nuestra carrillera .Pure, verduritas y reduccion de vino tinto.<\/p>\n    <p><strong>Al\u00e9rgenos:<\/strong> 7.<\/p>\n  <\/article>\n\n  <article class=\"plato\">\n    <h4>ARROZ DEL SENYORET <\/h4>\n    <p>Sepia sucia, langostinos y mejillones.<\/p>\n    <p><strong>Al\u00e9rgenos:<\/strong> 2.4.11.<\/p>\n  <\/article>\n\n  <article class=\"plato\">\n    <h4>ARROZ DE PRESA <\/h4>\n    <p>Setas y ajitos tiernos.<\/p>\n    <p><strong>Al\u00e9rgenos:<\/strong><\/p>\n  <\/article>\n   <article class=\"plato\">\n    <h4>ARROZ DE CALAMARES <\/h4>\n    <p>calamar, almejas y esparragos<\/p>\n    <p><strong>Al\u00e9rgenos:<\/strong>2.4.11 <article class=\"plato\">\n    <h4>PAELLA DE POLLO <\/h4>\n    <p>pollo Y pimientos del padron<\/p>\n    <p><strong>Al\u00e9rgenos:<\/strong> <article class=\"plato\">\n        \n        \n    \n    \n    \n    \n    <p><strong><\/strong>\n    \t\t\t\t<\/div>\n\t\t\t\t<div class=\"elementor-element elementor-element-997e1df elementor-alert-warning pxl-none overflow-visible elementor-widget elementor-widget-alert\" data-id=\"997e1df\" data-element_type=\"widget\" data-e-type=\"widget\" data-widget_type=\"alert.default\">\n\t\t\t\t\t\t\t<div class=\"elementor-alert\" role=\"alert\">\n\n\t\t\t\t\t\t<span class=\"elementor-alert-title\">ALERGENOS<\/span>\n\t\t\t\n\t\t\t\t\t\t<span class=\"elementor-alert-description\">1 gluten. 2 crustaceos. 3 huevos. 4 pescados. 5 frutos secos. 6 soja. 7 lacteos  8cacahuetes. 9 apio. 10 sulfitos. 11 moluscos. 12 sesamo. 13 altramuces. 14 mostaza.. *POSIBILIDAD SIN GLUTEN:<\/span>\n\t\t\t\n\t\t\t\t\t\t<button type=\"button\" class=\"elementor-alert-dismiss\" aria-label=\"Descartar esta alerta.\">\n\t\t\t\t\t\t\t\t\t<span aria-hidden=\"true\">&times;<\/span>\n\t\t\t\t\t\t\t<\/button>\n\t\t\t\n\t\t<\/div>\n\t\t\t\t\t\t<\/div>\n\t\t\t\t<div class=\"elementor-element elementor-element-2438859 elementor-alert-warning pxl-none overflow-visible elementor-widget elementor-widget-alert\" data-id=\"2438859\" data-element_type=\"widget\" data-e-type=\"widget\" data-widget_type=\"alert.default\">\n\t\t\t\t\t\t\t<div class=\"elementor-alert\" role=\"alert\">\n\n\t\t\t\t\t\t<span class=\"elementor-alert-title\">A tener en cuenta<\/span>\n\t\t\t\n\t\t\t\t\t\t<span class=\"elementor-alert-description\">Arroz m\u00ednimo 2 personas, bajo reserva. Consultar tiempo de espera.<\/span>\n\t\t\t\n\t\t\t\t\t\t<button type=\"button\" class=\"elementor-alert-dismiss\" aria-label=\"Descartar esta alerta.\">\n\t\t\t\t\t\t\t\t\t<span aria-hidden=\"true\">&times;<\/span>\n\t\t\t\t\t\t\t<\/button>\n\t\t\t\n\t\t<\/div>\n\t\t\t\t\t\t<\/div>\n\t\t\t\t<\/div>\r\n\t\t\t\t\t<\/details>\n\t\t\t\t\t\t<details id=\"e-n-accordion-item-9672\" class=\"e-n-accordion-item\" >\n\t\t\t\t<summary class=\"e-n-accordion-item-title\" data-accordion-index=\"3\" tabindex=\"-1\" aria-expanded=\"false\" aria-controls=\"e-n-accordion-item-9672\" >\n\t\t\t\t\t<span class='e-n-accordion-item-title-header'><div class=\"e-n-accordion-item-title-text\"> Postre <\/div><\/span>\n\t\t\t\t\t\t\t<span class='e-n-accordion-item-title-icon'>\n\t\t\t<span class='e-opened' ><i aria-hidden=\"true\" class=\"fas fa-minus\"><\/i><\/span>\n\t\t\t<span class='e-closed'><i aria-hidden=\"true\" class=\"fas fa-plus\"><\/i><\/span>\n\t\t<\/span>\n\n\t\t\t\t\t\t<\/summary>\n\t\t\t\t<div role=\"region\" aria-labelledby=\"e-n-accordion-item-9672\" class=\"elementor-element elementor-element-951f418 e-flex e-con-boxed pxl-row-scroll-none pxl-column-none pxl-full-content-with-space-none pxl-container-line-none pxl-container-video-background-none pxl-none overflow-visible e-con e-child \" data-id=\"951f418\" data-element_type=\"container\" data-e-type=\"container\">\t\t\t<div class=\"e-con-inner\">\r\n\t\t\t\t<div class=\"elementor-element elementor-element-40a8054 pxl-none overflow-visible elementor-widget elementor-widget-html\" data-id=\"40a8054\" data-element_type=\"widget\" data-e-type=\"widget\" data-widget_type=\"html.default\">\n\t\t\t\t\t<p><em>1 postre a elegir o cafe o infucion <\/em><\/p>\n  <p><em><\/em><\/p>\n\n  <article class=\"plato\">\n    <h4>POSTRES CASEROS\n    O CAFES<\/h4>\n    <p><strong><\/p>\n  <\/article>\n\n  <article class=\"plato\">\n    <h4 <\/h4> No incluye creamet, tocados, licores o similares.\n    <p><strong><\/strong> \n  <\/article>\t\t\t\t<\/div>\n\t\t\t\t\t<\/div>\r\n\t\t\t\t<\/div>\r\n\t\t\t\t\t<\/details>\n\t\t\t\t\t<\/div>\n\t\t\t\t\t\t<\/div>\n\t\t\t\t<div class=\"elementor-element elementor-element-fa1e063 pxl-none overflow-visible elementor-widget elementor-widget-pxl_text_editor\" data-id=\"fa1e063\" data-element_type=\"widget\" data-e-type=\"widget\" data-widget_type=\"pxl_text_editor.default\">\n\t\t\t\t<div class=\"elementor-widget-container\">\n\t\t\t\t\t<div class=\"pxl-text-editor default \">\n\t<div class=\"pxl-item--inner  \" data-wow-delay=\"ms\">\n\t\t<h4>PRECIO POR PERSONA<\/h4><h4>26\u20ac<\/h4><p class=\"precio\"><strong>BEBIDA NO INCLUIDA<\/strong><\/p><p class=\"nota-alergenos\"><em>*Posibilidad de men\u00fa sin gluten (consultar).<\/em><\/p>\t\t\n\t<\/div>\n<\/div>\t\t\t\t<\/div>\n\t\t\t\t<\/div>\n\t\t\t\t\t<\/div>\r\n\t\t\t\t<\/div>\r\n\t\t<div class=\"elementor-element elementor-element-ca34dcc e-flex e-con-boxed pxl-row-scroll-none pxl-column-none pxl-full-content-with-space-none pxl-container-line-none pxl-container-video-background-none pxl-none overflow-visible e-con e-parent \" data-id=\"ca34dcc\" data-element_type=\"container\" data-e-type=\"container\">\t\t\t<div class=\"e-con-inner\">\r\n\t\t\t\t<div class=\"elementor-element elementor-element-a3ab2c4 pxl-none overflow-visible elementor-widget elementor-widget-pxl_menu\" data-id=\"a3ab2c4\" data-element_type=\"widget\" data-e-type=\"widget\" data-widget_type=\"pxl_menu.default\">\n\t\t\t\t<div class=\"elementor-widget-container\">\n\t\t\t\t\t    <div class=\"pxl-nav-menu pxl-nav-menu1 pxl-mega-full-width pxl-nav-horizontal fr-style-default show-effect-slideup sub-style-default\">\r\n        <div class=\"menu-menu-2026-container\"><ul id=\"menu-menu-2026\" class=\"pxl-menu-primary clearfix\"><li id=\"menu-item-9987\" class=\"menu-item menu-item-type-post_type menu-item-object-page menu-item-home menu-item-9987\"><a href=\"https:\/\/homebarbut.com\/\"><span class=\"pxl-menu-item-text\">Inicio<i class=\"caseicon-angle-arrow-down pxl-hide\"><\/i><\/span><span class=\"pxl-item-menu-icon pxl-hide\"><\/span><\/span><\/a><\/li>\n<li id=\"menu-item-9988\" class=\"menu-item menu-item-type-post_type menu-item-object-page menu-item-9988\"><a href=\"https:\/\/homebarbut.com\/?page_id=4639\"><span class=\"pxl-menu-item-text\">Galeria<i class=\"caseicon-angle-arrow-down pxl-hide\"><\/i><\/span><span class=\"pxl-item-menu-icon pxl-hide\"><\/span><\/span><\/a><\/li>\n<li id=\"menu-item-9989\" class=\"menu-item menu-item-type-post_type menu-item-object-page menu-item-9989\"><a href=\"https:\/\/homebarbut.com\/?page_id=23\"><span class=\"pxl-menu-item-text\">Reserva y contacto<i class=\"caseicon-angle-arrow-down pxl-hide\"><\/i><\/span><span class=\"pxl-item-menu-icon pxl-hide\"><\/span><\/span><\/a><\/li>\n<li id=\"menu-item-10124\" class=\"menu-item menu-item-type-post_type menu-item-object-page menu-item-10124\"><a href=\"https:\/\/homebarbut.com\/?page_id=10097\"><span class=\"pxl-menu-item-text\">Carta<i class=\"caseicon-angle-arrow-down pxl-hide\"><\/i><\/span><span class=\"pxl-item-menu-icon pxl-hide\"><\/span><\/span><\/a><\/li>\n<\/ul><\/div>            <\/div>\r\n\t\t\t\t<\/div>\n\t\t\t\t<\/div>\n\t\t\t\t\t<\/div>\r\n\t\t\t\t<\/div>\r\n\t\t\t\t<\/div>\n\t\t","protected":false},"excerpt":{"rendered":"<p>Men\u00fa especial Entrantes APERITIVOS Pan, tomate y alioli casero. Al\u00e9rgenos: 1.3. ENSALADA DE BURRATA sofrito casero , tomate cherry,tomate seco, pesto de rucula y brotes tiernos Al\u00e9rgenos:7. PULPO ANTICUCHERO pulpo lacado en salsa anticuchera , chips de yuca ,cremoso de huancaina y cilantro Al\u00e9rgenos:1.2.4.5.6.8.11 GYOZA DE PUCHERO gyoza casera de puchero en su propio caldo [&hellip;]<\/p>\n","protected":false},"author":1,"featured_media":10245,"parent":0,"menu_order":0,"comment_status":"closed","ping_status":"closed","template":"","meta":{"footnotes":""},"class_list":["post-10084","page","type-page","status-publish","has-post-thumbnail","hentry"],"_links":{"self":[{"href":"https:\/\/homebarbut.com\/index.php?rest_route=\/wp\/v2\/pages\/10084","targetHints":{"allow":["GET"]}}],"collection":[{"href":"https:\/\/homebarbut.com\/index.php?rest_route=\/wp\/v2\/pages"}],"about":[{"href":"https:\/\/homebarbut.com\/index.php?rest_route=\/wp\/v2\/types\/page"}],"author":[{"embeddable":true,"href":"https:\/\/homebarbut.com\/index.php?rest_route=\/wp\/v2\/users\/1"}],"replies":[{"embeddable":true,"href":"https:\/\/homebarbut.com\/index.php?rest_route=%2Fwp%2Fv2%2Fcomments&post=10084"}],"version-history":[{"count":24,"href":"https:\/\/homebarbut.com\/index.php?rest_route=\/wp\/v2\/pages\/10084\/revisions"}],"predecessor-version":[{"id":10294,"href":"https:\/\/homebarbut.com\/index.php?rest_route=\/wp\/v2\/pages\/10084\/revisions\/10294"}],"wp:featuredmedia":[{"embeddable":true,"href":"https:\/\/homebarbut.com\/index.php?rest_route=\/wp\/v2\/media\/10245"}],"wp:attachment":[{"href":"https:\/\/homebarbut.com\/index.php?rest_route=%2Fwp%2Fv2%2Fmedia&parent=10084"}],"curies":[{"name":"wp","href":"https:\/\/api.w.org\/{rel}","templated":true}]}}