{"id":10077,"date":"2026-02-06T21:31:53","date_gmt":"2026-02-06T21:31:53","guid":{"rendered":"https:\/\/homebarbut.com\/?page_id=10077"},"modified":"2026-05-14T10:07:08","modified_gmt":"2026-05-14T10:07:08","slug":"menu-especial-2","status":"publish","type":"page","link":"https:\/\/homebarbut.com\/?page_id=10077","title":{"rendered":"Menu del d\u00eda"},"content":{"rendered":"\t\t<div data-elementor-type=\"wp-page\" data-elementor-id=\"10077\" class=\"elementor elementor-10077\">\n\t\t\t\t<div class=\"elementor-element elementor-element-0083eea e-flex e-con-boxed pxl-row-scroll-none pxl-column-none pxl-full-content-with-space-none pxl-container-line-none pxl-container-video-background-none pxl-none overflow-visible e-con e-parent \" data-id=\"0083eea\" data-element_type=\"container\" data-e-type=\"container\">\t\t\t<div class=\"e-con-inner\">\r\n\t\t\t\t<div class=\"elementor-element elementor-element-b53611a pxl-none overflow-visible elementor-widget elementor-widget-pxl_heading\" data-id=\"b53611a\" data-element_type=\"widget\" data-e-type=\"widget\" data-widget_type=\"pxl_heading.default\">\n\t\t\t\t<div class=\"elementor-widget-container\">\n\t\t\t\t\t\n<div id=\"pxl-pxl_heading-b53611a-3253\" class=\"pxl-heading   px-sub-title-default-style \">\n\t<div class=\"pxl-heading--inner\">\n\t\t\n\t\t<h3 class=\"pxl-item--title style-default color highlight-default \" data-wow-delay=\"ms\">\n\t\t\t\t\tMen\u00fa del d\u00eda\t\n\t\t\t\n\t\t<\/h3>\n\t\t\n\t<\/div>\n<\/div>\t\t\t\t<\/div>\n\t\t\t\t<\/div>\n\t\t\t\t<div class=\"elementor-element elementor-element-fa1e063 pxl-none overflow-visible elementor-widget elementor-widget-pxl_text_editor\" data-id=\"fa1e063\" data-element_type=\"widget\" data-e-type=\"widget\" data-widget_type=\"pxl_text_editor.default\">\n\t\t\t\t<div class=\"elementor-widget-container\">\n\t\t\t\t\t<div class=\"pxl-text-editor default \">\n\t<div class=\"pxl-item--inner  \" data-wow-delay=\"ms\">\n\t\t<h4>Hazlo a tu gusto<\/h4><p>1 entrante, 1 principal, + caf\u00e9 o postre por 15,90 \u20ac<\/p><p>2 entrantes, 1 principal + caf\u00e9 o postre por 17,90 \u20ac<\/p><p>3 entrantes, 1 principal + caf\u00e9 o postre por 19,90 \u20ac<\/p><p>Arroz m\u00ednimo 2 personas, bajo reserva. Consultar tiempo de espera.<\/p>\t\t\n\t<\/div>\n<\/div>\t\t\t\t<\/div>\n\t\t\t\t<\/div>\n\t\t\t\t<div class=\"elementor-element elementor-element-5c4e261 pxl-none overflow-visible elementor-widget elementor-widget-n-accordion\" data-id=\"5c4e261\" data-element_type=\"widget\" data-e-type=\"widget\" data-settings=\"{&quot;default_state&quot;:&quot;expanded&quot;,&quot;max_items_expended&quot;:&quot;one&quot;,&quot;n_accordion_animation_duration&quot;:{&quot;unit&quot;:&quot;ms&quot;,&quot;size&quot;:400,&quot;sizes&quot;:[]}}\" data-widget_type=\"nested-accordion.default\">\n\t\t\t\t\t\t\t<div class=\"e-n-accordion\" aria-label=\"Accordion. Open links with Enter or Space, close with Escape, and navigate with Arrow Keys\">\n\t\t\t\t\t\t<details id=\"e-n-accordion-item-9670\" class=\"e-n-accordion-item\" open>\n\t\t\t\t<summary class=\"e-n-accordion-item-title\" data-accordion-index=\"1\" tabindex=\"0\" aria-expanded=\"true\" aria-controls=\"e-n-accordion-item-9670\" >\n\t\t\t\t\t<span class='e-n-accordion-item-title-header'><div class=\"e-n-accordion-item-title-text\"> Entrantes <\/div><\/span>\n\t\t\t\t\t\t\t<span class='e-n-accordion-item-title-icon'>\n\t\t\t<span class='e-opened' ><i aria-hidden=\"true\" class=\"fas fa-minus\"><\/i><\/span>\n\t\t\t<span class='e-closed'><i aria-hidden=\"true\" class=\"fas fa-plus\"><\/i><\/span>\n\t\t<\/span>\n\n\t\t\t\t\t\t<\/summary>\n\t\t\t\t<div role=\"region\" aria-labelledby=\"e-n-accordion-item-9670\" class=\"elementor-element elementor-element-a383689 e-con-full e-flex pxl-row-scroll-none pxl-column-none pxl-full-content-with-space-none pxl-container-line-none pxl-container-video-background-none pxl-none overflow-visible e-con e-child \" data-id=\"a383689\" data-element_type=\"container\" data-e-type=\"container\">\t\t<div class=\"elementor-element elementor-element-0b3599b pxl-none overflow-visible elementor-widget elementor-widget-html\" data-id=\"0b3599b\" data-element_type=\"widget\" data-e-type=\"widget\" data-widget_type=\"html.default\">\n\t\t\t\t\t<article class=\"plato\">\n    <h4>Servicio de pan<\/h4>\n    <p>pan, tomate y alioli casero SUP.1\u20ac P\/P\n    <\/p>  <p><strong>Al\u00e9rgenos:<\/strong>1.3.7.<\/p>\n  <\/article>\n  <\/article>\n  <article class=\"plato\">\n    <h4>ENSALADA RED <\/h4>\n    <p>tomate del terreno, tomaste seco , tomate cherry , caperlla torrat , fresas , \nsalmorejo de fresas <\/p>\n    <p><strong>Al\u00e9rgenos:<\/strong>5.7.<\/p>\n  <\/article>\n\n  <article class=\"plato\">\n    <h4>PATATAS GRATINADAS<\/h4>\n    <p>Cocinada al vapor y fritas con romescu, alioli gratinado, huevo y jamon<\/p>\n    <p><strong>Al\u00e9rgenos:<\/strong> 1.3.5.<\/p>\n  <\/article>\n\n  <article class=\"plato\">\n    <h4>PORKI'S<\/h4>\n    <p>brioche casero , costilla cocinada a baja temperatura con hoisin, ensalada fresca de coleslaw y remolacha encurtida en lima y azucar <\/p>\n    <p><strong>Al\u00e9rgenos:<\/strong> 1.2.6.7.11.12<\/p>\n    <article class=\"plato\">\n    \n \n \t\t\t\t<\/div>\n\t\t\t\t<\/div>\r\n\t\t\t\t\t<\/details>\n\t\t\t\t\t\t<details id=\"e-n-accordion-item-9671\" class=\"e-n-accordion-item\" >\n\t\t\t\t<summary class=\"e-n-accordion-item-title\" data-accordion-index=\"2\" tabindex=\"-1\" aria-expanded=\"false\" aria-controls=\"e-n-accordion-item-9671\" >\n\t\t\t\t\t<span class='e-n-accordion-item-title-header'><div class=\"e-n-accordion-item-title-text\"> Principal a elegir <\/div><\/span>\n\t\t\t\t\t\t\t<span class='e-n-accordion-item-title-icon'>\n\t\t\t<span class='e-opened' ><i aria-hidden=\"true\" class=\"fas fa-minus\"><\/i><\/span>\n\t\t\t<span class='e-closed'><i aria-hidden=\"true\" class=\"fas fa-plus\"><\/i><\/span>\n\t\t<\/span>\n\n\t\t\t\t\t\t<\/summary>\n\t\t\t\t<div role=\"region\" aria-labelledby=\"e-n-accordion-item-9671\" class=\"elementor-element elementor-element-7768ff4 e-con-full e-flex pxl-row-scroll-none pxl-column-none pxl-full-content-with-space-none pxl-container-line-none pxl-container-video-background-none pxl-none overflow-visible e-con e-child \" data-id=\"7768ff4\" data-element_type=\"container\" data-e-type=\"container\">\t\t<div class=\"elementor-element elementor-element-f8d4087 pxl-none overflow-visible elementor-widget elementor-widget-html\" data-id=\"f8d4087\" data-element_type=\"widget\" data-e-type=\"widget\" data-widget_type=\"html.default\">\n\t\t\t\t\t\n\n  <article class=\"plato\">\n    <h4>Merluza <\/h4>\n    <p>Salteado de verduras<\/p>\n    <p><strong>Al\u00e9rgenos:<\/strong>4.5.7<\/p>\n  <\/article>\n\n  <article class=\"plato\">\n    <h4>CARRILLERA MELOSA<\/h4>\n    <p>Pure trufado y setas.<\/p>\n    <p><strong>Al\u00e9rgenos:<\/strong> 7.<\/p>\n  <\/article>\n\n  <article class=\"plato\">\n    <h4>Arroz de Costilla<\/h4>\n    <p>costilla de cerdo dehuesada , alcachofas y setas.<\/p>\n    <p><strong>Al\u00e9rgenos:<\/strong> <\/p>\n  <\/article>\n\n  <article class=\"plato\">\n    <h4>Arroz del Sepia<\/h4>\n    <p>sepia sucia y almejas .<\/p>\n    <p><strong>Al\u00e9rgenos:<\/strong> 2.4.11.<\/p>\n    <p><em>\n\n  <article class=\"plato\">\n    <h4>Fideua Negra<\/h4>\n    <p>sepia, mejillones, ajitos tiernos y alioli gratinado.<\/p>\n    <p><strong>Al\u00e9rgenos:<\/strong>1.2.4.11.<\/p>\n  <\/article>\t\t\t\t<\/div>\n\t\t\t\t<div class=\"elementor-element elementor-element-8c04bc5 elementor-alert-warning pxl-none overflow-visible elementor-widget elementor-widget-alert\" data-id=\"8c04bc5\" data-element_type=\"widget\" data-e-type=\"widget\" data-widget_type=\"alert.default\">\n\t\t\t\t\t\t\t<div class=\"elementor-alert\" role=\"alert\">\n\n\t\t\t\t\t\t<span class=\"elementor-alert-title\">A tener en cuenta<\/span>\n\t\t\t\n\t\t\t\t\t\t<span class=\"elementor-alert-description\">Arroz m\u00ednimo 2 personas, bajo reserva. Consultar tiempo de espera.<\/span>\n\t\t\t\n\t\t\t\t\t\t<button type=\"button\" class=\"elementor-alert-dismiss\" aria-label=\"Descartar esta alerta.\">\n\t\t\t\t\t\t\t\t\t<span aria-hidden=\"true\">&times;<\/span>\n\t\t\t\t\t\t\t<\/button>\n\t\t\t\n\t\t<\/div>\n\t\t\t\t\t\t<\/div>\n\t\t\t\t<div class=\"elementor-element elementor-element-d9dd27b elementor-alert-warning pxl-none overflow-visible elementor-widget elementor-widget-alert\" data-id=\"d9dd27b\" data-element_type=\"widget\" data-e-type=\"widget\" data-widget_type=\"alert.default\">\n\t\t\t\t\t\t\t<div class=\"elementor-alert\" role=\"alert\">\n\n\t\t\t\t\t\t<span class=\"elementor-alert-title\">Alergenos<\/span>\n\t\t\t\n\t\t\t\t\t\t<span class=\"elementor-alert-description\">1 gluten. 2 crustaceos. 3 huevos. 4 pescados. 5 frutos secos. 6 soja. 7 lacteos  8cacahuetes. 9 apio. 10 sulfitos. 11 moluscos. 12 sesamo. 13 altramuces. 14 mostaza.. *POSIBILIDAD SIN GLUTEN<\/span>\n\t\t\t\n\t\t\t\t\t\t<button type=\"button\" class=\"elementor-alert-dismiss\" aria-label=\"Descartar esta alerta.\">\n\t\t\t\t\t\t\t\t\t<span aria-hidden=\"true\">&times;<\/span>\n\t\t\t\t\t\t\t<\/button>\n\t\t\t\n\t\t<\/div>\n\t\t\t\t\t\t<\/div>\n\t\t\t\t<\/div>\r\n\t\t\t\t\t<\/details>\n\t\t\t\t\t\t<details id=\"e-n-accordion-item-9672\" class=\"e-n-accordion-item\" >\n\t\t\t\t<summary class=\"e-n-accordion-item-title\" data-accordion-index=\"3\" tabindex=\"-1\" aria-expanded=\"false\" aria-controls=\"e-n-accordion-item-9672\" >\n\t\t\t\t\t<span class='e-n-accordion-item-title-header'><div class=\"e-n-accordion-item-title-text\"> Precios <\/div><\/span>\n\t\t\t\t\t\t\t<span class='e-n-accordion-item-title-icon'>\n\t\t\t<span class='e-opened' ><i aria-hidden=\"true\" class=\"fas fa-minus\"><\/i><\/span>\n\t\t\t<span class='e-closed'><i aria-hidden=\"true\" class=\"fas fa-plus\"><\/i><\/span>\n\t\t<\/span>\n\n\t\t\t\t\t\t<\/summary>\n\t\t\t\t<div role=\"region\" aria-labelledby=\"e-n-accordion-item-9672\" class=\"elementor-element elementor-element-cd8e71b e-flex e-con-boxed pxl-row-scroll-none pxl-column-none pxl-full-content-with-space-none pxl-container-line-none pxl-container-video-background-none pxl-none overflow-visible e-con e-child \" data-id=\"cd8e71b\" data-element_type=\"container\" data-e-type=\"container\">\t\t\t<div class=\"e-con-inner\">\r\n\t\t\t\t<div class=\"elementor-element elementor-element-de39f47 pxl-none overflow-visible elementor-widget elementor-widget-html\" data-id=\"de39f47\" data-element_type=\"widget\" data-e-type=\"widget\" data-widget_type=\"html.default\">\n\t\t\t\t\t  <ul class=\"precios-menu\">\n    <li><strong>1 entrante<\/strong> + <strong>1 principal<\/strong> + <strong>caf\u00e9 o postre<\/strong>: <strong>15,90 \u20ac<\/strong><\/li>\n    <li><strong>2 entrantes<\/strong> + <strong>1 principal<\/strong> + <strong>caf\u00e9 o postre<\/strong>: <strong>17,90 \u20ac<\/strong><\/li>\n    <li><strong>3 entrantes<\/strong> + <strong>1 principal<\/strong> + <strong>caf\u00e9 o postre<\/strong>: <strong>19,90 \u20ac<\/strong><\/li>\n  <\/ul>\n\n  <p><em>Precio por persona. Men\u00fa sin bebida.<\/em><\/p>\n  <p><em>Arroz bajo reserva, m\u00ednimo 2 personas.<\/em><\/p>\n\n  <p class=\"nota-alergenos\"><em>*Posibilidad sin gluten.<\/em><\/p>\n\t\t\t\t<\/div>\n\t\t\t\t\t<\/div>\r\n\t\t\t\t<\/div>\r\n\t\t\t\t\t<\/details>\n\t\t\t\t\t<\/div>\n\t\t\t\t\t\t<\/div>\n\t\t\t\t\t<\/div>\r\n\t\t\t\t<\/div>\r\n\t\t<div class=\"elementor-element elementor-element-9625484 e-flex e-con-boxed pxl-row-scroll-none pxl-column-none pxl-full-content-with-space-none pxl-container-line-none pxl-container-video-background-none pxl-none overflow-visible e-con e-parent \" data-id=\"9625484\" data-element_type=\"container\" data-e-type=\"container\">\t\t\t<div class=\"e-con-inner\">\r\n\t\t\t\t<div class=\"elementor-element elementor-element-d9d42b3 pxl-none overflow-visible elementor-widget elementor-widget-pxl_menu\" data-id=\"d9d42b3\" data-element_type=\"widget\" data-e-type=\"widget\" data-widget_type=\"pxl_menu.default\">\n\t\t\t\t<div class=\"elementor-widget-container\">\n\t\t\t\t\t    <div class=\"pxl-nav-menu pxl-nav-menu1 pxl-mega-full-width pxl-nav-horizontal fr-style-default show-effect-slideup  sub-style-default\" data-wow-delay=\"ms\">\r\n        <div class=\"menu-carta-container\"><ul id=\"menu-carta\" class=\"pxl-menu-primary clearfix\"><li id=\"menu-item-10185\" class=\"menu-item menu-item-type-post_type menu-item-object-page menu-item-10185\"><a href=\"https:\/\/homebarbut.com\/?page_id=10128\"><span class=\"pxl-menu-item-text\">Vinos<i class=\"caseicon-angle-arrow-down pxl-hide\"><\/i><span class=\"pxl-item-menu-icon pxl-hide \"><\/span><\/span><\/a><\/li>\n<li id=\"menu-item-10186\" class=\"menu-item menu-item-type-post_type menu-item-object-page menu-item-10186\"><a href=\"https:\/\/homebarbut.com\/?page_id=10097\"><span class=\"pxl-menu-item-text\">Carta<i class=\"caseicon-angle-arrow-down pxl-hide\"><\/i><span class=\"pxl-item-menu-icon pxl-hide \"><\/span><\/span><\/a><\/li>\n<li id=\"menu-item-10187\" class=\"menu-item menu-item-type-post_type menu-item-object-page menu-item-10187\"><a href=\"https:\/\/homebarbut.com\/?page_id=10077\"><span class=\"pxl-menu-item-text\">Menu del d\u00eda<i class=\"caseicon-angle-arrow-down pxl-hide\"><\/i><span class=\"pxl-item-menu-icon pxl-hide \"><\/span><\/span><\/a><\/li>\n<li id=\"menu-item-10188\" class=\"menu-item menu-item-type-post_type menu-item-object-page menu-item-10188\"><a href=\"https:\/\/homebarbut.com\/?page_id=10068\"><span class=\"pxl-menu-item-text\">Men\u00fa Fin De Semana<i class=\"caseicon-angle-arrow-down pxl-hide\"><\/i><span class=\"pxl-item-menu-icon pxl-hide \"><\/span><\/span><\/a><\/li>\n<\/ul><\/div>            <\/div>\r\n\t\t\t\t<\/div>\n\t\t\t\t<\/div>\n\t\t\t\t\t<\/div>\r\n\t\t\t\t<\/div>\r\n\t\t\t\t<\/div>\n\t\t","protected":false},"excerpt":{"rendered":"<p>Men\u00fa del d\u00eda Hazlo a tu gusto 1 entrante, 1 principal, + caf\u00e9 o postre por 15,90 \u20ac 2 entrantes, 1 principal + caf\u00e9 o postre por 17,90 \u20ac 3 entrantes, 1 principal + caf\u00e9 o postre por 19,90 \u20ac Arroz m\u00ednimo 2 personas, bajo reserva. Consultar tiempo de espera. Entrantes Servicio de pan pan, [&hellip;]<\/p>\n","protected":false},"author":1,"featured_media":0,"parent":0,"menu_order":0,"comment_status":"closed","ping_status":"closed","template":"","meta":{"footnotes":""},"class_list":["post-10077","page","type-page","status-publish","hentry"],"_links":{"self":[{"href":"https:\/\/homebarbut.com\/index.php?rest_route=\/wp\/v2\/pages\/10077","targetHints":{"allow":["GET"]}}],"collection":[{"href":"https:\/\/homebarbut.com\/index.php?rest_route=\/wp\/v2\/pages"}],"about":[{"href":"https:\/\/homebarbut.com\/index.php?rest_route=\/wp\/v2\/types\/page"}],"author":[{"embeddable":true,"href":"https:\/\/homebarbut.com\/index.php?rest_route=\/wp\/v2\/users\/1"}],"replies":[{"embeddable":true,"href":"https:\/\/homebarbut.com\/index.php?rest_route=%2Fwp%2Fv2%2Fcomments&post=10077"}],"version-history":[{"count":24,"href":"https:\/\/homebarbut.com\/index.php?rest_route=\/wp\/v2\/pages\/10077\/revisions"}],"predecessor-version":[{"id":10324,"href":"https:\/\/homebarbut.com\/index.php?rest_route=\/wp\/v2\/pages\/10077\/revisions\/10324"}],"wp:attachment":[{"href":"https:\/\/homebarbut.com\/index.php?rest_route=%2Fwp%2Fv2%2Fmedia&parent=10077"}],"curies":[{"name":"wp","href":"https:\/\/api.w.org\/{rel}","templated":true}]}}